{"id":3734,"date":"2024-09-30T14:44:00","date_gmt":"2024-09-30T11:44:00","guid":{"rendered":"https:\/\/www.trainium.fi\/ajankohtaista\/"},"modified":"2024-11-12T14:35:27","modified_gmt":"2024-11-12T12:35:27","slug":"ajankohtaista","status":"publish","type":"page","link":"https:\/\/www.trainium.fi\/fi\/ajankohtaista\/","title":{"rendered":"AJANKOHTAISTA"},"content":{"rendered":"\t\t<div data-elementor-type=\"wp-page\" data-elementor-id=\"3734\" class=\"elementor elementor-3734 elementor-2790\">\n\t\t\t\t<div class=\"elementor-element elementor-element-7527301 elementor-hidden-tablet elementor-hidden-mobile e-flex e-con-boxed e-con e-parent\" data-id=\"7527301\" data-element_type=\"container\" data-e-type=\"container\" data-settings=\"{&quot;background_background&quot;:&quot;classic&quot;}\">\n\t\t\t\t\t<div class=\"e-con-inner\">\n\t\t<div class=\"elementor-element elementor-element-37313a2 e-flex e-con-boxed e-con e-child\" data-id=\"37313a2\" data-element_type=\"container\" data-e-type=\"container\">\n\t\t\t\t\t<div class=\"e-con-inner\">\n\t\t\t\t<div class=\"elementor-element elementor-element-4c71fe1 elementor-widget elementor-widget-heading\" data-id=\"4c71fe1\" data-element_type=\"widget\" data-e-type=\"widget\" data-widget_type=\"heading.default\">\n\t\t\t\t<div class=\"elementor-widget-container\">\n\t\t\t\t\t<h1 class=\"elementor-heading-title elementor-size-default\">AJANKOHTAISTA TRAINIUMISSA<\/h1>\t\t\t\t<\/div>\n\t\t\t\t<\/div>\n\t\t\t\t\t<\/div>\n\t\t\t\t<\/div>\n\t\t\t\t\t<\/div>\n\t\t\t\t<\/div>\n\t\t<div class=\"elementor-element elementor-element-b628f19 e-flex e-con-boxed e-con e-parent\" data-id=\"b628f19\" data-element_type=\"container\" data-e-type=\"container\" data-settings=\"{&quot;background_background&quot;:&quot;classic&quot;}\">\n\t\t\t\t\t<div class=\"e-con-inner\">\n\t\t<div class=\"elementor-element elementor-element-e41ac49 e-con-full e-flex e-con e-child\" data-id=\"e41ac49\" data-element_type=\"container\" data-e-type=\"container\">\n\t\t\t\t<div class=\"elementor-element elementor-element-0cf7100 elementor-widget elementor-widget-ucaddon_post_list\" data-id=\"0cf7100\" data-element_type=\"widget\" data-e-type=\"widget\" data-widget_type=\"ucaddon_post_list.default\">\n\t\t\t\t<div class=\"elementor-widget-container\">\n\t\t\t\t\t\n<!-- start Post List -->\n\t\t<link id='font-awesome-css' href='https:\/\/www.trainium.fi\/wp-content\/plugins\/unlimited-elements-for-elementor\/assets_libraries\/font-awesome6\/fontawesome-all.min.css' type='text\/css' rel='stylesheet' >\n\t\t<link id='font-awesome-4-shim-css' href='https:\/\/www.trainium.fi\/wp-content\/plugins\/unlimited-elements-for-elementor\/assets_libraries\/font-awesome6\/fontawesome-v4-shims.min.css' type='text\/css' rel='stylesheet' >\n\n<style>\/* widget: Post List *\/\n\n\n\n#uc_post_list_elementor_0cf7100{\n  display:grid;\n}\n\n#uc_post_list_elementor_0cf7100 .uc_post_list_image div{\n  background-size:cover;\n  background-position:center;\n}\n\n.uc_post_list .uc_post_list_box{\n\tposition: relative;\n\toverflow: hidden;\n\tdisplay: flex;\n}\n\n#uc_post_list_elementor_0cf7100 .uc_post_list_image{\n  flex-grow:0;\n  flex-shrink:0;\n  overflow: hidden;\n}\n\n#uc_post_list_elementor_0cf7100 .uc_post_list_image img{\n  width:100%;\n  height:100%;\n  display:block;\n  transition:0.3s;  \n}\n\n.uc_post_list_title a{\n\tcolor: #333333;\n    display: block;\n}\n\n.uc_post_list_date{\n\tfont-size: 12px;\n}\n\n#uc_post_list_elementor_0cf7100 .uc_post_list_content{\n  display:flex;\n  flex-direction:column;\n  flex:1;\n}\n\n#uc_post_list_elementor_0cf7100 .uc_more_btn{\n  text-align:center;\n  text-decoration:none;\n  transition:0.3s;\n  position: relative;\n  z-index: 1;\n}\n\n#uc_post_list_elementor_0cf7100 .button-on-side{\n  display:flex;\n  align-items:center;\n}\n\n#uc_post_list_elementor_0cf7100 .ue-grid-item-category{\n  display: flex;\n  align-items: center;\n}\n\n.ue-grid-item-category a{\n  display:inline-block;\n  font-size:10px;\n  text-transform:uppercase;\n  white-space: nowrap;\n}\n\n#uc_post_list_elementor_0cf7100 .ue-meta-data{  \n  display:flex;\n  flex-wrap: wrap;\n  line-height:1em;\n}\n\n#uc_post_list_elementor_0cf7100 .ue-grid-item-meta-data{\n      display:inline-flex;\n      align-items:center;\n}\n\n.ue-grid-item-meta-data{\n  font-size:12px;\n}\n\n#uc_post_list_elementor_0cf7100 .ue-grid-item-meta-data-icon{\n  line-height:1em;\n}\n\n#uc_post_list_elementor_0cf7100 .ue-grid-item-meta-data-icon svg{\n  width:1em;\n  height:1em;\n} \n\n#uc_post_list_elementor_0cf7100 .ue-debug-meta{\n  padding:10px;\n  border:1px solid red;\n  position:relative;\n  line-height:1.5em;\n  font-size:11px;\n  width:100%;\n}\n\n.uc-remote-parent .uc_post_list_box{\n\tcursor:pointer;\n}\n\n#uc_post_list_elementor_0cf7100 .ue-post-link-overlay{\n  display:block;\n  position:absolute;\n  top:0;\n  bottom:0;\n  right:0;\n  left:0;\n}\n\n\n\n\n<\/style>\n\n<div class=\"uc_post_list uc-items-wrapper \" id=\"uc_post_list_elementor_0cf7100\"  >    \t\n  <div class=\"uc_post_list_box\" data-category=\"Ajankohtaista\">\n  \n  \t\t\n  \n    <div class=\"uc_post_list_content\">\n      <div class=\"uc_post_list_content_inside\">\n        \n                       \n        <div class=\"uc_post_list_title\"><a target=\"_self\" href=\"https:\/\/www.trainium.fi\/fi\/uusi-kirjautumisohjelma-wondr-sovellus-kaynnissa\/\" title=\"Uusi kirjautumisohjelma, Wondr-sovellus k\u00e4ynniss\u00e4!\">Uusi kirjautumisohjelma, Wondr-sovellus k\u00e4ynniss\u00e4!<\/a><\/div>                 \n        <div class=\"ue-meta-data\">\n            <div class=\"ue-grid-item-meta-data\"><span class=\"ue-grid-item-meta-data-icon\"><i class=''><\/i><\/span>  31.1.2026<\/div>                                   \n                                    \n            \n                        \n                        \n            \n              \n          <\/div>         \n                \n         <div class=\"uc_post_content\">Trainiumilla toimii nyt Wondr-sovellus!Maksut ja ilmoittautuminen ryhm\u00e4liikuntatunnille toimii nyt sovelluksen kautta.Sin\u00e4 joka olet Trainiumin asiakas on saanut s\u00e4hk\u00f6postin, lue se huolellisesti, lopussa...<\/div>           \n        \n                 \n      <\/div>\n    <\/div>\n     \n       \n  \n   <\/div>\n<div class=\"uc_post_list_box\" data-category=\"Ajankohtaista\">\n  \n  \t\t\n  \n    <div class=\"uc_post_list_content\">\n      <div class=\"uc_post_list_content_inside\">\n        \n                       \n        <div class=\"uc_post_list_title\"><a target=\"_self\" href=\"https:\/\/www.trainium.fi\/fi\/vastaanoton-aukioloajat-2025\/\" title=\"Vastaanoton aukioloajat joulukuu 2025\">Vastaanoton aukioloajat joulukuu 2025<\/a><\/div>                 \n        <div class=\"ue-meta-data\">\n            <div class=\"ue-grid-item-meta-data\"><span class=\"ue-grid-item-meta-data-icon\"><i class=''><\/i><\/span>  22.12.2025<\/div>                                   \n                                    \n            \n                        \n                        \n            \n              \n          <\/div>         \n                \n         <div class=\"uc_post_content\">Ma 22.12 klo. 11-13 ja 16-16:30. \n\nTi 23.12 klo. 11-13.\n\nKe-su 24-28.12 suljettu.\n\nMa-ke 29-31.12 klo. 11-12.\n\nTo 1.1 suljettu.\n\nPe 2.1 klo. 11-12.\n\nLa-su 3-4.1 suljettu.\n\nKortilla\/koodilla\/sovelluksella...<\/div>           \n        \n                 \n      <\/div>\n    <\/div>\n     \n       \n  \n   <\/div>\n<div class=\"uc_post_list_box\" data-category=\"Ajankohtaista\">\n  \n  \t\t\n  \n    <div class=\"uc_post_list_content\">\n      <div class=\"uc_post_list_content_inside\">\n        \n                       \n        <div class=\"uc_post_list_title\"><a target=\"_self\" href=\"https:\/\/www.trainium.fi\/fi\/respa-suljettu-juhannuksena\/\" title=\"Respa suljettu juhannuksena\">Respa suljettu juhannuksena<\/a><\/div>                 \n        <div class=\"ue-meta-data\">\n            <div class=\"ue-grid-item-meta-data\"><span class=\"ue-grid-item-meta-data-icon\"><i class=''><\/i><\/span>  17.6.2025<\/div>                                   \n                                    \n            \n                        \n                        \n            \n              \n          <\/div>         \n                \n         <div class=\"uc_post_content\">Torstaina 19.6 respa on auki klo. 11-13. Perjantai 20.6-sunnuntai 22.6 respa on suljettu. \n\nKortilla asiakkaat p\u00e4\u00e4sev\u00e4t normaalisti treenaamaan klo. 5:05 ja 22:55.\n\nHyv\u00e4\u00e4 juhannusta toivottaa Team Tra...<\/div>           \n        \n                 \n      <\/div>\n    <\/div>\n     \n       \n  \n   <\/div>\n<div class=\"uc_post_list_box\" data-category=\"Ajankohtaista\">\n  \n  \t\t\n  \n    <div class=\"uc_post_list_content\">\n      <div class=\"uc_post_list_content_inside\">\n        \n                       \n        <div class=\"uc_post_list_title\"><a target=\"_self\" href=\"https:\/\/www.trainium.fi\/fi\/vappu-ja-helatorstai\/\" title=\"Vappu ja helatorstai\">Vappu ja helatorstai<\/a><\/div>                 \n        <div class=\"ue-meta-data\">\n            <div class=\"ue-grid-item-meta-data\"><span class=\"ue-grid-item-meta-data-icon\"><i class=''><\/i><\/span>  27.4.2025<\/div>                                   \n                                    \n            \n                        \n                        \n            \n              \n          <\/div>         \n                \n         <div class=\"uc_post_content\">Keskiviikkona 30.4 respa on auki klo. 11-13, vappuna 1.5 respa on suljettu. \n\nHelatorstaina 29.5 respa on suljettu.\n\nKortilla asiakkaat p\u00e4\u00e4sev\u00e4t normaalisti treenaamaan klo. 5:05 och 22:55 v\u00e4lisen\u00e4 ai...<\/div>           \n        \n                 \n      <\/div>\n    <\/div>\n     \n       \n  \n   <\/div>\n<div class=\"uc_post_list_box\" data-category=\"Ajankohtaista\">\n  \n  \t\t\n  \n    <div class=\"uc_post_list_content\">\n      <div class=\"uc_post_list_content_inside\">\n        \n                       \n        <div class=\"uc_post_list_title\"><a target=\"_self\" href=\"https:\/\/www.trainium.fi\/fi\/vastaanotto-suljettu-paasiaisena-2\/\" title=\"Vastaanotto suljettu p\u00e4\u00e4si\u00e4isen\u00e4\">Vastaanotto suljettu p\u00e4\u00e4si\u00e4isen\u00e4<\/a><\/div>                 \n        <div class=\"ue-meta-data\">\n            <div class=\"ue-grid-item-meta-data\"><span class=\"ue-grid-item-meta-data-icon\"><i class=''><\/i><\/span>  15.4.2025<\/div>                                   \n                                    \n            \n                        \n                        \n            \n              \n          <\/div>         \n                \n         <div class=\"uc_post_content\">Torstaina 17.4 respa on auki klo. 11-13. Pitk\u00e4perjantai 18.4-2. p\u00e4\u00e4si\u00e4isp\u00e4iv\u00e4 21.4 Trainium vastaanotto on suljettu.\n\nKortilla asiakkaat p\u00e4\u00e4sev\u00e4t normaalisti treenaamaan klo. 5:05 och 22:55 v\u00e4lisen\u00e4 aikana.\n\nHyv\u00e4\u00e4...<\/div>           \n        \n                 \n      <\/div>\n    <\/div>\n     \n       \n  \n   <\/div>\n<div class=\"uc_post_list_box\" data-category=\"Ajankohtaista\">\n  \n  \t\t\n  \n    <div class=\"uc_post_list_content\">\n      <div class=\"uc_post_list_content_inside\">\n        \n                       \n        <div class=\"uc_post_list_title\"><a target=\"_self\" href=\"https:\/\/www.trainium.fi\/fi\/vastaanoton-aukioloajat-loppuvuodesta-2024\/\" title=\"Vastaanoton aukioloajat loppuvuodesta 2024\">Vastaanoton aukioloajat loppuvuodesta 2024<\/a><\/div>                 \n        <div class=\"ue-meta-data\">\n            <div class=\"ue-grid-item-meta-data\"><span class=\"ue-grid-item-meta-data-icon\"><i class=''><\/i><\/span>  16.12.2024<\/div>                                   \n                                    \n            \n                        \n                        \n            \n              \n          <\/div>         \n                \n         <div class=\"uc_post_content\">Ma 23.12 klo. 11-13 \n\n\nTi-to 24-26.12 SULJETTU\n\n\nPe 27.12 klo. 11-13 \n\n\nLa 28.12 klo. 11:30-12:30 \n\n\nMa 30.12 klo. 11-12 &amp; 15-16\n\n\nTi 31.12 klo. 11-13 \n\n\nKe 1.1 SULJETTU\n\n\nMa 6.1 SULJETTU\n\n\nKortti-asiakkaat...<\/div>           \n        \n                 \n      <\/div>\n    <\/div>\n     \n       \n  \n   <\/div>\n<div class=\"uc_post_list_box\" data-category=\"Ajankohtaista\">\n  \n  \t\t\n  \n    <div class=\"uc_post_list_content\">\n      <div class=\"uc_post_list_content_inside\">\n        \n                       \n        <div class=\"uc_post_list_title\"><a target=\"_self\" href=\"https:\/\/www.trainium.fi\/fi\/hinnan-korotus-2\/\" title=\"Hinnan korotus!\">Hinnan korotus!<\/a><\/div>                 \n        <div class=\"ue-meta-data\">\n            <div class=\"ue-grid-item-meta-data\"><span class=\"ue-grid-item-meta-data-icon\"><i class=''><\/i><\/span>  2.12.2024<\/div>                                   \n                                    \n            \n                        \n                        \n            \n              \n          <\/div>         \n                \n         <div class=\"uc_post_content\">Arvonlis\u00e4veron korotuksen takia uudet hinnat Trainiumilla 1 tammikuusta 2025 l\u00e4htien!J\u00e4senyys 50\u20ac\/kuukausi&#8211; opiskelija, el\u00e4kel\u00e4inen, ty\u00f6t\u00f6n 41 \u20ac\/kuukausi&#8211; merimies 37 \u20ac\/kuukausi. \n\nMuut hinntat...<\/div>           \n        \n                 \n      <\/div>\n    <\/div>\n     \n       \n  \n   <\/div>\n<div class=\"uc_post_list_box\" data-category=\"Ajankohtaista\">\n  \n  \t\t\n  \n    <div class=\"uc_post_list_content\">\n      <div class=\"uc_post_list_content_inside\">\n        \n                       \n        <div class=\"uc_post_list_title\"><a target=\"_self\" href=\"https:\/\/www.trainium.fi\/fi\/trainium-juniors\/\" title=\"Trainium-Juniors!\">Trainium-Juniors!<\/a><\/div>                 \n        <div class=\"ue-meta-data\">\n            <div class=\"ue-grid-item-meta-data\"><span class=\"ue-grid-item-meta-data-icon\"><i class=''><\/i><\/span>  27.8.2024<\/div>                                   \n                                    \n            \n                        \n                        \n            \n              \n          <\/div>         \n                \n         <div class=\"uc_post_content\">Hei kaikki 12-16-vuotiaat nuoret! J\u00e4rjest\u00e4mme lyhytkurssin voimaharjoittelun perusteista niille, jotka haluavat aloittaa k\u00e4ym\u00e4\u00e4n salilla, ovat juuri aloittaneet salilla k\u00e4ymisen tai haluavat oppia lis\u00e4\u00e4...<\/div>           \n        \n                 \n      <\/div>\n    <\/div>\n     \n       \n  \n   <\/div>\n<div class=\"uc_post_list_box\" data-category=\"Ajankohtaista\">\n  \n  \t\t\n  \n    <div class=\"uc_post_list_content\">\n      <div class=\"uc_post_list_content_inside\">\n        \n                       \n        <div class=\"uc_post_list_title\"><a target=\"_self\" href=\"https:\/\/www.trainium.fi\/fi\/vastaanotto-suljettu-juhannuksena\/\" title=\"Vastaanotto suljettu juhannuksena!\">Vastaanotto suljettu juhannuksena!<\/a><\/div>                 \n        <div class=\"ue-meta-data\">\n            <div class=\"ue-grid-item-meta-data\"><span class=\"ue-grid-item-meta-data-icon\"><i class=''><\/i><\/span>  14.6.2024<\/div>                                   \n                                    \n            \n                        \n                        \n            \n              \n          <\/div>         \n                \n         <div class=\"uc_post_content\">Vastaanotto on auki torstaina 20.6 klo. 10:00-12:00 ja 15:00-16:00,perjantai-sunnuntai (21-23.6) suljettu. \n\nKortti-asiakkaat voivat treenata normaalisti klo. 5:05-22:55.Mukavaa juhannusta kaikille!<\/div>           \n        \n                 \n      <\/div>\n    <\/div>\n     \n       \n  \n   <\/div>\n<div class=\"uc_post_list_box\" data-category=\"Ajankohtaista\">\n  \n  \t\t\n  \n    <div class=\"uc_post_list_content\">\n      <div class=\"uc_post_list_content_inside\">\n        \n                       \n        <div class=\"uc_post_list_title\"><a target=\"_self\" href=\"https:\/\/www.trainium.fi\/fi\/trainium-8-vuotta\/\" title=\"Trainium 8 vuotta!\">Trainium 8 vuotta!<\/a><\/div>                 \n        <div class=\"ue-meta-data\">\n            <div class=\"ue-grid-item-meta-data\"><span class=\"ue-grid-item-meta-data-icon\"><i class=''><\/i><\/span>  7.6.2024<\/div>                                   \n                                    \n            \n                        \n                        \n            \n              \n          <\/div>         \n                \n         <div class=\"uc_post_content\">Trainium t\u00e4ytt\u00e4\u00e4 8 vuotta torstaina 13.6.2024 ja t\u00e4t\u00e4 haluamme tietenkin juhlistaa kanssanne.Vastaanotto on auki klo. 10:00-12:00 ja 16:00-17:30, ja tarjolla on pient\u00e4 purtavaa koko p\u00e4iv\u00e4n.Arvomme my\u00f6s...<\/div>           \n        \n                 \n      <\/div>\n    <\/div>\n     \n       \n  \n   <\/div>\n\n<\/div>\n\n\n  <div id=\"uc_post_list_elementor_0cf7100_empty_message\" class=\"ue-no-posts-found\"  style=\"display:none\" >No posts found<\/div>\n\n\n<!-- end Post List --><div class='uc-posts-pagination'><span aria-current=\"page\" class=\"page-numbers current\">1<\/span>\n<a class=\"page-numbers\" href=\"https:\/\/www.trainium.fi\/fi\/ajankohtaista\/2\/\">2<\/a><\/div>\t\t\t\t<\/div>\n\t\t\t\t<\/div>\n\t\t\t\t<\/div>\n\t\t\t\t\t<\/div>\n\t\t\t\t<\/div>\n\t\t\t\t<\/div>\n\t\t","protected":false},"excerpt":{"rendered":"<p>AJANKOHTAISTA TRAINIUMISSA Trainium-Juniors! 27 augusti 2024 Se hit alla ungdomar i 12-16-\u00e5rs \u00e5lder! Vi ordnar en kortkurs i grunderna i [&hellip;]<\/p>\n","protected":false},"author":1,"featured_media":4011,"parent":0,"menu_order":0,"comment_status":"closed","ping_status":"closed","template":"","meta":{"site-sidebar-layout":"no-sidebar","site-content-layout":"","ast-site-content-layout":"full-width-container","site-content-style":"default","site-sidebar-style":"default","ast-global-header-display":"","ast-banner-title-visibility":"","ast-main-header-display":"","ast-hfb-above-header-display":"","ast-hfb-below-header-display":"","ast-hfb-mobile-header-display":"","site-post-title":"disabled","ast-breadcrumbs-content":"","ast-featured-img":"disabled","footer-sml-layout":"","ast-disable-related-posts":"","theme-transparent-header-meta":"","adv-header-id-meta":"","stick-header-meta":"","header-above-stick-meta":"","header-main-stick-meta":"","header-below-stick-meta":"","astra-migrate-meta-layouts":"default","ast-page-background-enabled":"default","ast-page-background-meta":{"desktop":{"background-color":"var(--ast-global-color-4)","background-image":"","background-repeat":"repeat","background-position":"center center","background-size":"auto","background-attachment":"scroll","background-type":"","background-media":"","overlay-type":"","overlay-color":"","overlay-opacity":"","overlay-gradient":""},"tablet":{"background-color":"","background-image":"","background-repeat":"repeat","background-position":"center center","background-size":"auto","background-attachment":"scroll","background-type":"","background-media":"","overlay-type":"","overlay-color":"","overlay-opacity":"","overlay-gradient":""},"mobile":{"background-color":"","background-image":"","background-repeat":"repeat","background-position":"center center","background-size":"auto","background-attachment":"scroll","background-type":"","background-media":"","overlay-type":"","overlay-color":"","overlay-opacity":"","overlay-gradient":""}},"ast-content-background-meta":{"desktop":{"background-color":"var(--ast-global-color-5)","background-image":"","background-repeat":"repeat","background-position":"center center","background-size":"auto","background-attachment":"scroll","background-type":"","background-media":"","overlay-type":"","overlay-color":"","overlay-opacity":"","overlay-gradient":""},"tablet":{"background-color":"var(--ast-global-color-5)","background-image":"","background-repeat":"repeat","background-position":"center center","background-size":"auto","background-attachment":"scroll","background-type":"","background-media":"","overlay-type":"","overlay-color":"","overlay-opacity":"","overlay-gradient":""},"mobile":{"background-color":"var(--ast-global-color-5)","background-image":"","background-repeat":"repeat","background-position":"center center","background-size":"auto","background-attachment":"scroll","background-type":"","background-media":"","overlay-type":"","overlay-color":"","overlay-opacity":"","overlay-gradient":""}},"footnotes":""},"class_list":["post-3734","page","type-page","status-publish","has-post-thumbnail","hentry"],"publishpress_future_action":{"enabled":false,"date":"2026-04-29 01:08:26","action":"change-status","newStatus":"draft","terms":[],"taxonomy":"translation_priority","extraData":[]},"publishpress_future_workflow_manual_trigger":{"enabledWorkflows":[]},"_links":{"self":[{"href":"https:\/\/www.trainium.fi\/fi\/wp-json\/wp\/v2\/pages\/3734","targetHints":{"allow":["GET"]}}],"collection":[{"href":"https:\/\/www.trainium.fi\/fi\/wp-json\/wp\/v2\/pages"}],"about":[{"href":"https:\/\/www.trainium.fi\/fi\/wp-json\/wp\/v2\/types\/page"}],"author":[{"embeddable":true,"href":"https:\/\/www.trainium.fi\/fi\/wp-json\/wp\/v2\/users\/1"}],"replies":[{"embeddable":true,"href":"https:\/\/www.trainium.fi\/fi\/wp-json\/wp\/v2\/comments?post=3734"}],"version-history":[{"count":2,"href":"https:\/\/www.trainium.fi\/fi\/wp-json\/wp\/v2\/pages\/3734\/revisions"}],"predecessor-version":[{"id":3737,"href":"https:\/\/www.trainium.fi\/fi\/wp-json\/wp\/v2\/pages\/3734\/revisions\/3737"}],"wp:featuredmedia":[{"embeddable":true,"href":"https:\/\/www.trainium.fi\/fi\/wp-json\/wp\/v2\/media\/4011"}],"wp:attachment":[{"href":"https:\/\/www.trainium.fi\/fi\/wp-json\/wp\/v2\/media?parent=3734"}],"curies":[{"name":"wp","href":"https:\/\/api.w.org\/{rel}","templated":true}]}}