{"id":3745,"date":"2024-01-09T13:38:31","date_gmt":"2024-01-09T11:38:31","guid":{"rendered":"https:\/\/www.trainium.fi\/alku\/"},"modified":"2026-02-11T17:11:39","modified_gmt":"2026-02-11T15:11:39","slug":"alku","status":"publish","type":"page","link":"https:\/\/www.trainium.fi\/fi\/","title":{"rendered":"Alku"},"content":{"rendered":"\t\t<div data-elementor-type=\"wp-page\" data-elementor-id=\"3745\" class=\"elementor elementor-3745 elementor-20\">\n\t\t\t\t<div class=\"elementor-element elementor-element-27eca27 e-con-full elementor-hidden-tablet elementor-hidden-mobile e-flex e-con e-parent\" data-id=\"27eca27\" data-element_type=\"container\" data-e-type=\"container\" id=\"hero\" data-settings=\"{&quot;background_background&quot;:&quot;slideshow&quot;,&quot;background_slideshow_gallery&quot;:[{&quot;id&quot;:3645,&quot;url&quot;:&quot;https:\\\/\\\/www.trainium.fi\\\/wp-content\\\/uploads\\\/2024\\\/09\\\/Tr1.jpg&quot;},{&quot;id&quot;:3647,&quot;url&quot;:&quot;https:\\\/\\\/www.trainium.fi\\\/wp-content\\\/uploads\\\/2024\\\/09\\\/Tr3.jpg&quot;},{&quot;id&quot;:3646,&quot;url&quot;:&quot;https:\\\/\\\/www.trainium.fi\\\/wp-content\\\/uploads\\\/2024\\\/09\\\/Tr2.jpg&quot;},{&quot;id&quot;:3648,&quot;url&quot;:&quot;https:\\\/\\\/www.trainium.fi\\\/wp-content\\\/uploads\\\/2024\\\/09\\\/Tr4.jpg&quot;}],&quot;background_slideshow_transition_duration&quot;:1000,&quot;background_slideshow_slide_duration&quot;:4000,&quot;background_slideshow_loop&quot;:&quot;yes&quot;,&quot;background_slideshow_slide_transition&quot;:&quot;fade&quot;}\">\n\t\t<div class=\"elementor-element elementor-element-9d4b2c3 e-flex e-con-boxed e-con e-child\" data-id=\"9d4b2c3\" data-element_type=\"container\" data-e-type=\"container\">\n\t\t\t\t\t<div class=\"e-con-inner\">\n\t\t\t\t<div class=\"elementor-element elementor-element-a6ccc57 textcarousel elementor-widget elementor-widget-heading\" data-id=\"a6ccc57\" data-element_type=\"widget\" data-e-type=\"widget\" data-widget_type=\"heading.default\">\n\t\t\t\t<div class=\"elementor-widget-container\">\n\t\t\t\t\t<h2 class=\"elementor-heading-title elementor-size-default\">TRAINIUM ON LIIKUNTA- JA HYVINVOINTIKESKUS JOKA TARJOAA ENEMM\u00c4N KUIN PELKK\u00c4\u00c4 KUNTOSALIA.<\/h2>\t\t\t\t<\/div>\n\t\t\t\t<\/div>\n\t\t\t\t<div class=\"elementor-element elementor-element-c482996 elementor-absolute textcarousel2 elementor-widget elementor-widget-heading\" data-id=\"c482996\" data-element_type=\"widget\" data-e-type=\"widget\" data-settings=\"{&quot;_position&quot;:&quot;absolute&quot;}\" data-widget_type=\"heading.default\">\n\t\t\t\t<div class=\"elementor-widget-container\">\n\t\t\t\t\t<h2 class=\"elementor-heading-title elementor-size-default\">KAIKKI IHIMISET TARVITSEVAT VOIMAHARJOITTELUA PARANTAAKSEEN TOIMIVAN JA HYVINVOIVAN KEHON EDELLYTYKSI\u00c4.<\/h2>\t\t\t\t<\/div>\n\t\t\t\t<\/div>\n\t\t\t\t\t<\/div>\n\t\t\t\t<\/div>\n\t\t\t\t<\/div>\n\t\t<div class=\"elementor-element elementor-element-0a805ff e-flex e-con-boxed e-con e-parent\" data-id=\"0a805ff\" data-element_type=\"container\" data-e-type=\"container\" data-settings=\"{&quot;background_background&quot;:&quot;classic&quot;}\">\n\t\t\t\t\t<div class=\"e-con-inner\">\n\t\t<div class=\"elementor-element elementor-element-e5af789 e-con-full e-flex e-con e-child\" data-id=\"e5af789\" data-element_type=\"container\" data-e-type=\"container\" data-settings=\"{&quot;background_background&quot;:&quot;classic&quot;}\">\n\t\t\t\t<div class=\"elementor-element elementor-element-ea84c60 elementor-widget elementor-widget-heading\" data-id=\"ea84c60\" data-element_type=\"widget\" data-e-type=\"widget\" data-widget_type=\"heading.default\">\n\t\t\t\t<div class=\"elementor-widget-container\">\n\t\t\t\t\t<h2 class=\"elementor-heading-title elementor-size-default\">TERVETULOA TRAINIUMIIN!<\/h2>\t\t\t\t<\/div>\n\t\t\t\t<\/div>\n\t\t\t\t<div class=\"elementor-element elementor-element-94771b4 elementor-widget elementor-widget-text-editor\" data-id=\"94771b4\" data-element_type=\"widget\" data-e-type=\"widget\" data-widget_type=\"text-editor.default\">\n\t\t\t\t<div class=\"elementor-widget-container\">\n\t\t\t\t\t\t\t\t\t<p>Trainium on liikunta- ja hyvinvointikeskus joka tarjoaa enemm\u00e4n kuin pelkk\u00e4\u00e4 kuntosalia.<br \/>Meill\u00e4 voit treenata itseksesi tai yhdess\u00e4 jonkun meid\u00e4n Personal Trainerin kanssa toiminnallisessa kuntosalissamme. Sinulla on my\u00f6s mahdollisuus harjoitella ryhm\u00e4ss\u00e4 sek\u00e4 sis\u00e4ll\u00e4 ett\u00e4 ulkona. Autamme ja motivoimme sinua ruokavalioon liittyviss\u00e4 kysymyksiss\u00e4, kuntoutuksessa, el\u00e4m\u00e4ntapamuutoksissa sek\u00e4 ohjaamme voima- ja juoksuharjoittelua eri urheilulajeissa.<\/p>\t\t\t\t\t\t\t\t<\/div>\n\t\t\t\t<\/div>\n\t\t\t\t<\/div>\n\t\t\t\t\t<\/div>\n\t\t\t\t<\/div>\n\t\t<div class=\"elementor-element elementor-element-ab0701a e-flex e-con-boxed e-con e-parent\" data-id=\"ab0701a\" data-element_type=\"container\" data-e-type=\"container\" data-settings=\"{&quot;background_background&quot;:&quot;classic&quot;}\">\n\t\t\t\t\t<div class=\"e-con-inner\">\n\t\t<div class=\"elementor-element elementor-element-04a17dc e-con-full e-flex e-con e-child\" data-id=\"04a17dc\" data-element_type=\"container\" data-e-type=\"container\">\n\t\t<a class=\"elementor-element elementor-element-1bb7776 e-con-full e-flex e-con e-child\" data-id=\"1bb7776\" data-element_type=\"container\" data-e-type=\"container\" data-settings=\"{&quot;background_background&quot;:&quot;classic&quot;}\" href=\"https:\/\/www.trainium.fi\/teamtrainium\/\">\n\t\t\t\t<div class=\"elementor-element elementor-element-5f45919 elementor-widget elementor-widget-heading\" data-id=\"5f45919\" data-element_type=\"widget\" data-e-type=\"widget\" data-widget_type=\"heading.default\">\n\t\t\t\t<div class=\"elementor-widget-container\">\n\t\t\t\t\t<span class=\"elementor-heading-title elementor-size-default\">TEAM TRAINIUM<\/span>\t\t\t\t<\/div>\n\t\t\t\t<\/div>\n\t\t\t\t<\/a>\n\t\t<a class=\"elementor-element elementor-element-0d52cc1 e-con-full e-flex e-con e-child\" data-id=\"0d52cc1\" data-element_type=\"container\" data-e-type=\"container\" data-settings=\"{&quot;background_background&quot;:&quot;classic&quot;}\" href=\"https:\/\/trainium.wondr.cc\/schema\/\" target=\"_blank\">\n\t\t\t\t<div class=\"elementor-element elementor-element-7c3b8c8 elementor-widget elementor-widget-heading\" data-id=\"7c3b8c8\" data-element_type=\"widget\" data-e-type=\"widget\" data-widget_type=\"heading.default\">\n\t\t\t\t<div class=\"elementor-widget-container\">\n\t\t\t\t\t<span class=\"elementor-heading-title elementor-size-default\">VARAUSKALENTERI<\/span>\t\t\t\t<\/div>\n\t\t\t\t<\/div>\n\t\t\t\t<\/a>\n\t\t\t\t<\/div>\n\t\t<div class=\"elementor-element elementor-element-23a27f1 e-con-full e-flex e-con e-child\" data-id=\"23a27f1\" data-element_type=\"container\" data-e-type=\"container\">\n\t\t<a class=\"elementor-element elementor-element-a5c04fa e-con-full e-flex e-con e-child\" data-id=\"a5c04fa\" data-element_type=\"container\" data-e-type=\"container\" data-settings=\"{&quot;background_background&quot;:&quot;classic&quot;}\" href=\"https:\/\/www.trainium.fi\/fi\/hinnat\/\">\n\t\t\t\t<div class=\"elementor-element elementor-element-dd5ce2e elementor-widget elementor-widget-heading\" data-id=\"dd5ce2e\" data-element_type=\"widget\" data-e-type=\"widget\" data-widget_type=\"heading.default\">\n\t\t\t\t<div class=\"elementor-widget-container\">\n\t\t\t\t\t<span class=\"elementor-heading-title elementor-size-default\">HINNAT<\/span>\t\t\t\t<\/div>\n\t\t\t\t<\/div>\n\t\t\t\t<\/a>\n\t\t<a class=\"elementor-element elementor-element-c8e401f e-con-full e-flex e-con e-child\" data-id=\"c8e401f\" data-element_type=\"container\" data-e-type=\"container\" data-settings=\"{&quot;background_background&quot;:&quot;classic&quot;}\" href=\"https:\/\/www.trainium.fi\/fi\/verkkokauppa\/\">\n\t\t\t\t<div class=\"elementor-element elementor-element-1815027 elementor-widget elementor-widget-heading\" data-id=\"1815027\" data-element_type=\"widget\" data-e-type=\"widget\" data-widget_type=\"heading.default\">\n\t\t\t\t<div class=\"elementor-widget-container\">\n\t\t\t\t\t<span class=\"elementor-heading-title elementor-size-default\">TREENAA TRAINIUMILLA<\/span>\t\t\t\t<\/div>\n\t\t\t\t<\/div>\n\t\t\t\t<\/a>\n\t\t\t\t<\/div>\n\t\t<div class=\"elementor-element elementor-element-2895455 e-con-full e-flex e-con e-child\" data-id=\"2895455\" data-element_type=\"container\" data-e-type=\"container\">\n\t\t\t\t<div class=\"elementor-element elementor-element-5093002 elementor-widget elementor-widget-heading\" data-id=\"5093002\" data-element_type=\"widget\" data-e-type=\"widget\" data-widget_type=\"heading.default\">\n\t\t\t\t<div class=\"elementor-widget-container\">\n\t\t\t\t\t<h2 class=\"elementor-heading-title elementor-size-default\"><a href=\"https:\/\/www.trainium.fi\/fi\/ajankohtaista\/\">AJANKOHTAISTA<\/a><\/h2>\t\t\t\t<\/div>\n\t\t\t\t<\/div>\n\t\t\t\t<div class=\"elementor-element elementor-element-bb9bcfb elementor-widget elementor-widget-ucaddon_post_list\" data-id=\"bb9bcfb\" data-element_type=\"widget\" data-e-type=\"widget\" data-widget_type=\"ucaddon_post_list.default\">\n\t\t\t\t<div class=\"elementor-widget-container\">\n\t\t\t\t\t\n<!-- start Post List -->\n\t\t<link id='font-awesome-css' href='https:\/\/www.trainium.fi\/wp-content\/plugins\/unlimited-elements-for-elementor\/assets_libraries\/font-awesome6\/fontawesome-all.min.css' type='text\/css' rel='stylesheet' >\n\t\t<link id='font-awesome-4-shim-css' href='https:\/\/www.trainium.fi\/wp-content\/plugins\/unlimited-elements-for-elementor\/assets_libraries\/font-awesome6\/fontawesome-v4-shims.min.css' type='text\/css' rel='stylesheet' >\n\n<style>\/* widget: Post List *\/\n\n\n\n#uc_post_list_elementor_bb9bcfb{\n  display:grid;\n}\n\n#uc_post_list_elementor_bb9bcfb .uc_post_list_image div{\n  background-size:cover;\n  background-position:center;\n}\n\n.uc_post_list .uc_post_list_box{\n\tposition: relative;\n\toverflow: hidden;\n\tdisplay: flex;\n}\n\n#uc_post_list_elementor_bb9bcfb .uc_post_list_image{\n  flex-grow:0;\n  flex-shrink:0;\n  overflow: hidden;\n}\n\n#uc_post_list_elementor_bb9bcfb .uc_post_list_image img{\n  width:100%;\n  height:100%;\n  display:block;\n  transition:0.3s;  \n}\n\n.uc_post_list_title a{\n\tcolor: #333333;\n    display: block;\n}\n\n.uc_post_list_date{\n\tfont-size: 12px;\n}\n\n#uc_post_list_elementor_bb9bcfb .uc_post_list_content{\n  display:flex;\n  flex-direction:column;\n  flex:1;\n}\n\n#uc_post_list_elementor_bb9bcfb .uc_more_btn{\n  text-align:center;\n  text-decoration:none;\n  transition:0.3s;\n  position: relative;\n  z-index: 1;\n}\n\n#uc_post_list_elementor_bb9bcfb .button-on-side{\n  display:flex;\n  align-items:center;\n}\n\n#uc_post_list_elementor_bb9bcfb .ue-grid-item-category{\n  display: flex;\n  align-items: center;\n}\n\n.ue-grid-item-category a{\n  display:inline-block;\n  font-size:10px;\n  text-transform:uppercase;\n  white-space: nowrap;\n}\n\n#uc_post_list_elementor_bb9bcfb .ue-meta-data{  \n  display:flex;\n  flex-wrap: wrap;\n  line-height:1em;\n}\n\n#uc_post_list_elementor_bb9bcfb .ue-grid-item-meta-data{\n      display:inline-flex;\n      align-items:center;\n}\n\n.ue-grid-item-meta-data{\n  font-size:12px;\n}\n\n#uc_post_list_elementor_bb9bcfb .ue-grid-item-meta-data-icon{\n  line-height:1em;\n}\n\n#uc_post_list_elementor_bb9bcfb .ue-grid-item-meta-data-icon svg{\n  width:1em;\n  height:1em;\n} \n\n#uc_post_list_elementor_bb9bcfb .ue-debug-meta{\n  padding:10px;\n  border:1px solid red;\n  position:relative;\n  line-height:1.5em;\n  font-size:11px;\n  width:100%;\n}\n\n.uc-remote-parent .uc_post_list_box{\n\tcursor:pointer;\n}\n\n#uc_post_list_elementor_bb9bcfb .ue-post-link-overlay{\n  display:block;\n  position:absolute;\n  top:0;\n  bottom:0;\n  right:0;\n  left:0;\n}\n\n\n\n\n<\/style>\n\n<div class=\"uc_post_list uc-items-wrapper \" id=\"uc_post_list_elementor_bb9bcfb\"  >    \t\n  <div class=\"uc_post_list_box\" data-category=\"Ajankohtaista\">\n  \n  \t\t\n  \n    <div class=\"uc_post_list_content\">\n      <div class=\"uc_post_list_content_inside\">\n        \n                       \n        <div class=\"uc_post_list_title\"><a target=\"_self\" href=\"https:\/\/www.trainium.fi\/fi\/uusi-kirjautumisohjelma-wondr-sovellus-kaynnissa\/\" title=\"Uusi kirjautumisohjelma, Wondr-sovellus k\u00e4ynniss\u00e4!\">Uusi kirjautumisohjelma, Wondr-sovellus k\u00e4ynniss\u00e4!<\/a><\/div>                 \n        <div class=\"ue-meta-data\">\n            <div class=\"ue-grid-item-meta-data\"><span class=\"ue-grid-item-meta-data-icon\"><i class=''><\/i><\/span>  31.1.2026<\/div>                                   \n                                    \n            \n                        \n                        \n            \n              \n          <\/div>         \n                \n                    \n        \n                 \n      <\/div>\n    <\/div>\n     \n       \n  \n   <\/div>\n<div class=\"uc_post_list_box\" data-category=\"Ajankohtaista\">\n  \n  \t\t\n  \n    <div class=\"uc_post_list_content\">\n      <div class=\"uc_post_list_content_inside\">\n        \n                       \n        <div class=\"uc_post_list_title\"><a target=\"_self\" href=\"https:\/\/www.trainium.fi\/fi\/vastaanoton-aukioloajat-2025\/\" title=\"Vastaanoton aukioloajat joulukuu 2025\">Vastaanoton aukioloajat joulukuu 2025<\/a><\/div>                 \n        <div class=\"ue-meta-data\">\n            <div class=\"ue-grid-item-meta-data\"><span class=\"ue-grid-item-meta-data-icon\"><i class=''><\/i><\/span>  22.12.2025<\/div>                                   \n                                    \n            \n                        \n                        \n            \n              \n          <\/div>         \n                \n                    \n        \n                 \n      <\/div>\n    <\/div>\n     \n       \n  \n   <\/div>\n<div class=\"uc_post_list_box\" data-category=\"Ajankohtaista\">\n  \n  \t\t\n  \n    <div class=\"uc_post_list_content\">\n      <div class=\"uc_post_list_content_inside\">\n        \n                       \n        <div class=\"uc_post_list_title\"><a target=\"_self\" href=\"https:\/\/www.trainium.fi\/fi\/respa-suljettu-juhannuksena\/\" title=\"Respa suljettu juhannuksena\">Respa suljettu juhannuksena<\/a><\/div>                 \n        <div class=\"ue-meta-data\">\n            <div class=\"ue-grid-item-meta-data\"><span class=\"ue-grid-item-meta-data-icon\"><i class=''><\/i><\/span>  17.6.2025<\/div>                                   \n                                    \n            \n                        \n                        \n            \n              \n          <\/div>         \n                \n                    \n        \n                 \n      <\/div>\n    <\/div>\n     \n       \n  \n   <\/div>\n<div class=\"uc_post_list_box\" data-category=\"Ajankohtaista\">\n  \n  \t\t\n  \n    <div class=\"uc_post_list_content\">\n      <div class=\"uc_post_list_content_inside\">\n        \n                       \n        <div class=\"uc_post_list_title\"><a target=\"_self\" href=\"https:\/\/www.trainium.fi\/fi\/vappu-ja-helatorstai\/\" title=\"Vappu ja helatorstai\">Vappu ja helatorstai<\/a><\/div>                 \n        <div class=\"ue-meta-data\">\n            <div class=\"ue-grid-item-meta-data\"><span class=\"ue-grid-item-meta-data-icon\"><i class=''><\/i><\/span>  27.4.2025<\/div>                                   \n                                    \n            \n                        \n                        \n            \n              \n          <\/div>         \n                \n                    \n        \n                 \n      <\/div>\n    <\/div>\n     \n       \n  \n   <\/div>\n\n<\/div>\n\n\n  <div id=\"uc_post_list_elementor_bb9bcfb_empty_message\" class=\"ue-no-posts-found\"  style=\"display:none\" >No posts found<\/div>\n\n\n<!-- end Post List -->\t\t\t\t<\/div>\n\t\t\t\t<\/div>\n\t\t\t\t<\/div>\n\t\t\t\t\t<\/div>\n\t\t\t\t<\/div>\n\t\t<div class=\"elementor-element elementor-element-8ce28ca e-flex e-con-boxed e-con e-parent\" data-id=\"8ce28ca\" data-element_type=\"container\" data-e-type=\"container\" data-settings=\"{&quot;background_background&quot;:&quot;classic&quot;}\">\n\t\t\t\t\t<div class=\"e-con-inner\">\n\t\t<div class=\"elementor-element elementor-element-090f6ea e-con-full e-flex e-con e-child\" data-id=\"090f6ea\" data-element_type=\"container\" data-e-type=\"container\">\n\t\t\t\t<div class=\"elementor-element elementor-element-1534fd2 elementor-widget elementor-widget-heading\" data-id=\"1534fd2\" data-element_type=\"widget\" data-e-type=\"widget\" data-widget_type=\"heading.default\">\n\t\t\t\t<div class=\"elementor-widget-container\">\n\t\t\t\t\t<h2 class=\"elementor-heading-title elementor-size-default\">RYHM\u00c4HARJOITTELU<\/h2>\t\t\t\t<\/div>\n\t\t\t\t<\/div>\n\t\t\t\t<div class=\"elementor-element elementor-element-3c61ebb elementor-widget elementor-widget-text-editor\" data-id=\"3c61ebb\" data-element_type=\"widget\" data-e-type=\"widget\" data-widget_type=\"text-editor.default\">\n\t\t\t\t<div class=\"elementor-widget-container\">\n\t\t\t\t\t\t\t\t\t<p>Jos haluat saada vaihtelua kuntosaliharjoittelussasi tai treenaat mieluummin ryhm\u00e4ss\u00e4 niin Trainiumin ryhm\u00e4harjoittelu on jotain sinulle! Tarjoamme muutamia eri fokuksilla olevia treenitunteja. Yhteist\u00e4 kaikissa ryhm\u00e4harjoitteluissa on kuitenkin toiminnallinen ajatus. Pyrimme ett\u00e4 saisitte niin paljon hy\u00f6ty\u00e4 kuin mahdollista my\u00f6s arkeen.  <\/p>\n\t\t\t\t\t\t\t\t<\/div>\n\t\t\t\t<\/div>\n\t\t\t\t<div class=\"elementor-element elementor-element-53be20d elementor-widget elementor-widget-button\" data-id=\"53be20d\" data-element_type=\"widget\" data-e-type=\"widget\" data-widget_type=\"button.default\">\n\t\t\t\t<div class=\"elementor-widget-container\">\n\t\t\t\t\t\t\t\t\t<div class=\"elementor-button-wrapper\">\n\t\t\t\t\t<a class=\"elementor-button elementor-button-link elementor-size-sm\" href=\"https:\/\/www.trainium.fi\/fi\/treeni\/\">\n\t\t\t\t\t\t<span class=\"elementor-button-content-wrapper\">\n\t\t\t\t\t\t\t\t\t<span class=\"elementor-button-text\">LUE LIS\u00c4\u00c4<\/span>\n\t\t\t\t\t<\/span>\n\t\t\t\t\t<\/a>\n\t\t\t\t<\/div>\n\t\t\t\t\t\t\t\t<\/div>\n\t\t\t\t<\/div>\n\t\t\t\t<\/div>\n\t\t\t\t\t<\/div>\n\t\t\t\t<\/div>\n\t\t\t\t<\/div>\n\t\t","protected":false},"excerpt":{"rendered":"<p>TRAINIUM ON LIIKUNTA- JA HYVINVOINTIKESKUS JOKA TARJOAA ENEMM\u00c4N KUIN PELKK\u00c4\u00c4 KUNTOSALIA. KAIKKI IHIMISET TARVITSEVAT VOIMAHARJOITTELUA PARANTAAKSEEN TOIMIVAN JA HYVINVOIVAN KEHON [&hellip;]<\/p>\n","protected":false},"author":1,"featured_media":4011,"parent":0,"menu_order":0,"comment_status":"closed","ping_status":"closed","template":"","meta":{"site-sidebar-layout":"no-sidebar","site-content-layout":"","ast-site-content-layout":"full-width-container","site-content-style":"default","site-sidebar-style":"default","ast-global-header-display":"","ast-banner-title-visibility":"","ast-main-header-display":"","ast-hfb-above-header-display":"","ast-hfb-below-header-display":"","ast-hfb-mobile-header-display":"","site-post-title":"disabled","ast-breadcrumbs-content":"","ast-featured-img":"disabled","footer-sml-layout":"","ast-disable-related-posts":"","theme-transparent-header-meta":"","adv-header-id-meta":"","stick-header-meta":"","header-above-stick-meta":"","header-main-stick-meta":"","header-below-stick-meta":"","astra-migrate-meta-layouts":"default","ast-page-background-enabled":"default","ast-page-background-meta":{"desktop":{"background-color":"var(--ast-global-color-4)","background-image":"","background-repeat":"repeat","background-position":"center center","background-size":"auto","background-attachment":"scroll","background-type":"","background-media":"","overlay-type":"","overlay-color":"","overlay-opacity":"","overlay-gradient":""},"tablet":{"background-color":"","background-image":"","background-repeat":"repeat","background-position":"center center","background-size":"auto","background-attachment":"scroll","background-type":"","background-media":"","overlay-type":"","overlay-color":"","overlay-opacity":"","overlay-gradient":""},"mobile":{"background-color":"","background-image":"","background-repeat":"repeat","background-position":"center center","background-size":"auto","background-attachment":"scroll","background-type":"","background-media":"","overlay-type":"","overlay-color":"","overlay-opacity":"","overlay-gradient":""}},"ast-content-background-meta":{"desktop":{"background-color":"var(--ast-global-color-5)","background-image":"","background-repeat":"repeat","background-position":"center center","background-size":"auto","background-attachment":"scroll","background-type":"","background-media":"","overlay-type":"","overlay-color":"","overlay-opacity":"","overlay-gradient":""},"tablet":{"background-color":"var(--ast-global-color-5)","background-image":"","background-repeat":"repeat","background-position":"center center","background-size":"auto","background-attachment":"scroll","background-type":"","background-media":"","overlay-type":"","overlay-color":"","overlay-opacity":"","overlay-gradient":""},"mobile":{"background-color":"var(--ast-global-color-5)","background-image":"","background-repeat":"repeat","background-position":"center center","background-size":"auto","background-attachment":"scroll","background-type":"","background-media":"","overlay-type":"","overlay-color":"","overlay-opacity":"","overlay-gradient":""}},"footnotes":""},"class_list":["post-3745","page","type-page","status-publish","has-post-thumbnail","hentry"],"publishpress_future_action":{"enabled":false,"date":"2026-04-29 02:15:10","action":"change-status","newStatus":"draft","terms":[],"taxonomy":"translation_priority","extraData":[]},"publishpress_future_workflow_manual_trigger":{"enabledWorkflows":[]},"_links":{"self":[{"href":"https:\/\/www.trainium.fi\/fi\/wp-json\/wp\/v2\/pages\/3745","targetHints":{"allow":["GET"]}}],"collection":[{"href":"https:\/\/www.trainium.fi\/fi\/wp-json\/wp\/v2\/pages"}],"about":[{"href":"https:\/\/www.trainium.fi\/fi\/wp-json\/wp\/v2\/types\/page"}],"author":[{"embeddable":true,"href":"https:\/\/www.trainium.fi\/fi\/wp-json\/wp\/v2\/users\/1"}],"replies":[{"embeddable":true,"href":"https:\/\/www.trainium.fi\/fi\/wp-json\/wp\/v2\/comments?post=3745"}],"version-history":[{"count":22,"href":"https:\/\/www.trainium.fi\/fi\/wp-json\/wp\/v2\/pages\/3745\/revisions"}],"predecessor-version":[{"id":4445,"href":"https:\/\/www.trainium.fi\/fi\/wp-json\/wp\/v2\/pages\/3745\/revisions\/4445"}],"wp:featuredmedia":[{"embeddable":true,"href":"https:\/\/www.trainium.fi\/fi\/wp-json\/wp\/v2\/media\/4011"}],"wp:attachment":[{"href":"https:\/\/www.trainium.fi\/fi\/wp-json\/wp\/v2\/media?parent=3745"}],"curies":[{"name":"wp","href":"https:\/\/api.w.org\/{rel}","templated":true}]}}