{"id":3747,"date":"2024-09-12T08:40:11","date_gmt":"2024-09-12T05:40:11","guid":{"rendered":"https:\/\/www.trainium.fi\/team-trainium\/"},"modified":"2024-12-10T15:26:44","modified_gmt":"2024-12-10T13:26:44","slug":"team-trainium","status":"publish","type":"page","link":"https:\/\/www.trainium.fi\/fi\/team-trainium\/","title":{"rendered":"Team Trainium"},"content":{"rendered":"\t\t<div data-elementor-type=\"wp-page\" data-elementor-id=\"3747\" class=\"elementor elementor-3747 elementor-659\">\n\t\t\t\t<div class=\"elementor-element elementor-element-36318b9 elementor-hidden-tablet elementor-hidden-mobile e-flex e-con-boxed e-con e-parent\" data-id=\"36318b9\" data-element_type=\"container\" data-e-type=\"container\" data-settings=\"{&quot;background_background&quot;:&quot;classic&quot;}\">\n\t\t\t\t\t<div class=\"e-con-inner\">\n\t\t<div class=\"elementor-element elementor-element-ab818ab e-flex e-con-boxed e-con e-child\" data-id=\"ab818ab\" data-element_type=\"container\" data-e-type=\"container\">\n\t\t\t\t\t<div class=\"e-con-inner\">\n\t\t\t\t<div class=\"elementor-element elementor-element-7ee92ea elementor-widget elementor-widget-heading\" data-id=\"7ee92ea\" data-element_type=\"widget\" data-e-type=\"widget\" data-widget_type=\"heading.default\">\n\t\t\t\t<div class=\"elementor-widget-container\">\n\t\t\t\t\t<h1 class=\"elementor-heading-title elementor-size-default\">Tutustu meihin<\/h1>\t\t\t\t<\/div>\n\t\t\t\t<\/div>\n\t\t\t\t\t<\/div>\n\t\t\t\t<\/div>\n\t\t\t\t\t<\/div>\n\t\t\t\t<\/div>\n\t\t<div class=\"elementor-element elementor-element-b70aafe e-flex e-con-boxed e-con e-parent\" data-id=\"b70aafe\" data-element_type=\"container\" data-e-type=\"container\" data-settings=\"{&quot;background_background&quot;:&quot;classic&quot;}\">\n\t\t\t\t\t<div class=\"e-con-inner\">\n\t\t<div class=\"elementor-element elementor-element-cfadaa9 e-con-full e-flex e-con e-child\" data-id=\"cfadaa9\" data-element_type=\"container\" data-e-type=\"container\">\n\t\t\t\t<div class=\"elementor-element elementor-element-efd6092 elementor-widget elementor-widget-heading\" data-id=\"efd6092\" data-element_type=\"widget\" data-e-type=\"widget\" data-widget_type=\"heading.default\">\n\t\t\t\t<div class=\"elementor-widget-container\">\n\t\t\t\t\t<h2 class=\"elementor-heading-title elementor-size-default\">Team Trainium<\/h2>\t\t\t\t<\/div>\n\t\t\t\t<\/div>\n\t\t\t\t<div class=\"elementor-element elementor-element-dab235f elementor-widget elementor-widget-text-editor\" data-id=\"dab235f\" data-element_type=\"widget\" data-e-type=\"widget\" data-widget_type=\"text-editor.default\">\n\t\t\t\t<div class=\"elementor-widget-container\">\n\t\t\t\t\t\t\t\t\t<p>Me, Alex, Josefin, Victoria ja Alexandra seisomme yritys Trainium takana. Meill\u00e4 kaikilla on urheilutausta. Innostuksemme liikuntaan ja kuntosalitreeneihin l\u00e4htee terveyden ja hyvinvoinnin pohjalta sek\u00e4 urheilusaavutuksista. Unelmamme on ollut jo vuosia omistaa oma liikunta-ja treenitila ja tarjota muillekin liikunnasta ja kuntosalitreenist\u00e4 kiinnostuneille ihmisille sama mahdollisuus sek\u00e4 apumme ja tukemme sit\u00e4 tarvitseville.  <\/p>\n\t\t\t\t\t\t\t\t<\/div>\n\t\t\t\t<\/div>\n\t\t\t\t<\/div>\n\t\t\t\t\t<\/div>\n\t\t\t\t<\/div>\n\t\t<div class=\"elementor-element elementor-element-8393816 e-flex e-con-boxed e-con e-parent\" data-id=\"8393816\" data-element_type=\"container\" data-e-type=\"container\" data-settings=\"{&quot;background_background&quot;:&quot;classic&quot;}\">\n\t\t\t\t\t<div class=\"e-con-inner\">\n\t\t<div class=\"elementor-element elementor-element-e8f1c36 e-con-full e-flex e-con e-child\" data-id=\"e8f1c36\" data-element_type=\"container\" data-e-type=\"container\">\n\t\t<div class=\"elementor-element elementor-element-3f1811b e-con-full e-flex e-con e-child\" data-id=\"3f1811b\" data-element_type=\"container\" data-e-type=\"container\">\n\t\t\t\t<div class=\"elementor-element elementor-element-67d4b2a elementor-widget elementor-widget-image\" data-id=\"67d4b2a\" data-element_type=\"widget\" data-e-type=\"widget\" data-widget_type=\"image.default\">\n\t\t\t\t<div class=\"elementor-widget-container\">\n\t\t\t\t\t\t\t\t\t\t\t\t\t\t\t<img fetchpriority=\"high\" decoding=\"async\" width=\"800\" height=\"800\" src=\"https:\/\/www.trainium.fi\/wp-content\/uploads\/2024\/09\/alex.jpg\" class=\"attachment-large size-large wp-image-3719\" alt=\"\" srcset=\"https:\/\/www.trainium.fi\/wp-content\/uploads\/2024\/09\/alex.jpg 800w, https:\/\/www.trainium.fi\/wp-content\/uploads\/2024\/09\/alex-300x300.jpg 300w, https:\/\/www.trainium.fi\/wp-content\/uploads\/2024\/09\/alex-150x150.jpg 150w, https:\/\/www.trainium.fi\/wp-content\/uploads\/2024\/09\/alex-768x768.jpg 768w\" sizes=\"(max-width: 800px) 100vw, 800px\" \/>\t\t\t\t\t\t\t\t\t\t\t\t\t\t\t<\/div>\n\t\t\t\t<\/div>\n\t\t\t\t<\/div>\n\t\t<div class=\"elementor-element elementor-element-e2b21b7 e-con-full e-flex e-con e-child\" data-id=\"e2b21b7\" data-element_type=\"container\" data-e-type=\"container\">\n\t\t\t\t<div class=\"elementor-element elementor-element-6dfdc1d elementor-widget elementor-widget-heading\" data-id=\"6dfdc1d\" data-element_type=\"widget\" data-e-type=\"widget\" data-widget_type=\"heading.default\">\n\t\t\t\t<div class=\"elementor-widget-container\">\n\t\t\t\t\t<h2 class=\"elementor-heading-title elementor-size-default\">Alexander \u201dAlex\u201d Winberg<\/h2>\t\t\t\t<\/div>\n\t\t\t\t<\/div>\n\t\t\t\t<div class=\"elementor-element elementor-element-7ee91de elementor-widget elementor-widget-text-editor\" data-id=\"7ee91de\" data-element_type=\"widget\" data-e-type=\"widget\" data-widget_type=\"text-editor.default\">\n\t\t\t\t<div class=\"elementor-widget-container\">\n\t\t\t\t\t\t\t\t\t<p>Alex on lisensoitu FISAF \/ EA personal trainer, joka viett\u00e4\u00e4 paljon aikaa salilla. H\u00e4n nauttii voimaharjoittelusta keskittyen vahvuuteen ja treenaa itsekseen, koska h\u00e4nest\u00e4 se on hauskaa ja samalla kehitt\u00e4en ja haastaen itse\u00e4\u00e4n. Alex on pelannut monia vuosia tennist\u00e4 Tammisaaren tennisklubissa ja pelaa edelleen jonkin verran. Nyky\u00e4\u00e4n Alex n\u00e4hd\u00e4\u00e4n my\u00f6s l\u00e4hiseudun frisbee-radoilla kuntosalin ja tenniskent\u00e4n lis\u00e4ksi. Alex on kuntosalin yksi omistajista sek\u00e4 valmis taloustieteilij\u00e4 \u00c5bo Akademista. Lisensoitu ravintoneuvoja 2019.      <\/p>\n\t\t\t\t\t\t\t\t<\/div>\n\t\t\t\t<\/div>\n\t\t\t\t<div class=\"elementor-element elementor-element-aa37221 elementor-widget elementor-widget-text-editor\" data-id=\"aa37221\" data-element_type=\"widget\" data-e-type=\"widget\" data-widget_type=\"text-editor.default\">\n\t\t\t\t<div class=\"elementor-widget-container\">\n\t\t\t\t\t\t\t\t\t<p>Suosikki kuntosalilla: penkkipunnerrus.<\/p>\n\t\t\t\t\t\t\t\t<\/div>\n\t\t\t\t<\/div>\n\t\t\t\t<\/div>\n\t\t\t\t<\/div>\n\t\t<div class=\"elementor-element elementor-element-0a1fd2c e-con-full e-flex e-con e-child\" data-id=\"0a1fd2c\" data-element_type=\"container\" data-e-type=\"container\">\n\t\t<div class=\"elementor-element elementor-element-1f99acf e-con-full e-flex e-con e-child\" data-id=\"1f99acf\" data-element_type=\"container\" data-e-type=\"container\">\n\t\t\t\t<div class=\"elementor-element elementor-element-5a4eed9 elementor-widget elementor-widget-image\" data-id=\"5a4eed9\" data-element_type=\"widget\" data-e-type=\"widget\" data-widget_type=\"image.default\">\n\t\t\t\t<div class=\"elementor-widget-container\">\n\t\t\t\t\t\t\t\t\t\t\t\t\t\t\t<img decoding=\"async\" width=\"800\" height=\"800\" src=\"https:\/\/www.trainium.fi\/wp-content\/uploads\/2024\/09\/josefin.jpg\" class=\"attachment-large size-large wp-image-3721\" alt=\"\" srcset=\"https:\/\/www.trainium.fi\/wp-content\/uploads\/2024\/09\/josefin.jpg 800w, https:\/\/www.trainium.fi\/wp-content\/uploads\/2024\/09\/josefin-300x300.jpg 300w, https:\/\/www.trainium.fi\/wp-content\/uploads\/2024\/09\/josefin-150x150.jpg 150w, https:\/\/www.trainium.fi\/wp-content\/uploads\/2024\/09\/josefin-768x768.jpg 768w\" sizes=\"(max-width: 800px) 100vw, 800px\" \/>\t\t\t\t\t\t\t\t\t\t\t\t\t\t\t<\/div>\n\t\t\t\t<\/div>\n\t\t\t\t<\/div>\n\t\t<div class=\"elementor-element elementor-element-ee63971 e-con-full e-flex e-con e-child\" data-id=\"ee63971\" data-element_type=\"container\" data-e-type=\"container\">\n\t\t\t\t<div class=\"elementor-element elementor-element-82f7666 elementor-widget elementor-widget-heading\" data-id=\"82f7666\" data-element_type=\"widget\" data-e-type=\"widget\" data-widget_type=\"heading.default\">\n\t\t\t\t<div class=\"elementor-widget-container\">\n\t\t\t\t\t<h2 class=\"elementor-heading-title elementor-size-default\">Josefin \u201dJosse\u201d Jens\u00e9n<\/h2>\t\t\t\t<\/div>\n\t\t\t\t<\/div>\n\t\t\t\t<div class=\"elementor-element elementor-element-1a8feb8 elementor-widget elementor-widget-text-editor\" data-id=\"1a8feb8\" data-element_type=\"widget\" data-e-type=\"widget\" data-widget_type=\"text-editor.default\">\n\t\t\t\t<div class=\"elementor-widget-container\">\n\t\t\t\t\t\t\t\t\t<p>Josefin on lisensoitu FISAF\/EA personal trainerin lis\u00e4ksi my\u00f6s fysioterapeutti ja diplomoitu juoksucoach ja h\u00e4nell\u00e4 on urheilun perustutkinto. H\u00e4nell\u00e4 on pitk\u00e4 urheilutausta, erityisesti jalkapallon parissa. Josefin on pelannut jalkapalloa liigatasolla. Vuonna 2013 hoidetun polvivamman j\u00e4lkeen Josefin kiinnostui pitk\u00e4nmatkanjuoksusta ja h\u00e4n on juossut sek\u00e4 koko-ett\u00e4 puolimaratonin aikaan 3 h 35 min (Tukholman maraton 2015) ja 1 h 38 min (It\u00e4meren puolimaraton 2015) joka on paras henkil\u00f6kohtainen tulos. Josefin yhdist\u00e4\u00e4 mielell\u00e4\u00e4n sykennoston- ja voimaharjoittelun kuntosalilla. Lisensoitu ravintoneuvoja 2019.     <\/p>\n\t\t\t\t\t\t\t\t<\/div>\n\t\t\t\t<\/div>\n\t\t\t\t<div class=\"elementor-element elementor-element-df7e828 elementor-widget elementor-widget-text-editor\" data-id=\"df7e828\" data-element_type=\"widget\" data-e-type=\"widget\" data-widget_type=\"text-editor.default\">\n\t\t\t\t<div class=\"elementor-widget-container\">\n\t\t\t\t\t\t\t\t\t<p>Suosikki kuntosalilla: maastaveto.<\/p>\n\t\t\t\t\t\t\t\t<\/div>\n\t\t\t\t<\/div>\n\t\t\t\t<\/div>\n\t\t\t\t<\/div>\n\t\t\t\t\t<\/div>\n\t\t\t\t<\/div>\n\t\t<div class=\"elementor-element elementor-element-4f7aabe e-flex e-con-boxed e-con e-parent\" data-id=\"4f7aabe\" data-element_type=\"container\" data-e-type=\"container\" data-settings=\"{&quot;background_background&quot;:&quot;classic&quot;}\">\n\t\t\t\t\t<div class=\"e-con-inner\">\n\t\t<div class=\"elementor-element elementor-element-6341bb7 e-con-full e-flex e-con e-child\" data-id=\"6341bb7\" data-element_type=\"container\" data-e-type=\"container\">\n\t\t<div class=\"elementor-element elementor-element-5de93e2 e-con-full e-flex e-con e-child\" data-id=\"5de93e2\" data-element_type=\"container\" data-e-type=\"container\">\n\t\t\t\t<div class=\"elementor-element elementor-element-6653389 elementor-widget elementor-widget-image\" data-id=\"6653389\" data-element_type=\"widget\" data-e-type=\"widget\" data-widget_type=\"image.default\">\n\t\t\t\t<div class=\"elementor-widget-container\">\n\t\t\t\t\t\t\t\t\t\t\t\t\t\t\t<img decoding=\"async\" width=\"800\" height=\"800\" src=\"https:\/\/www.trainium.fi\/wp-content\/uploads\/2024\/09\/victoria.jpg\" class=\"attachment-large size-large wp-image-3722\" alt=\"\" srcset=\"https:\/\/www.trainium.fi\/wp-content\/uploads\/2024\/09\/victoria.jpg 800w, https:\/\/www.trainium.fi\/wp-content\/uploads\/2024\/09\/victoria-300x300.jpg 300w, https:\/\/www.trainium.fi\/wp-content\/uploads\/2024\/09\/victoria-150x150.jpg 150w, https:\/\/www.trainium.fi\/wp-content\/uploads\/2024\/09\/victoria-768x768.jpg 768w\" sizes=\"(max-width: 800px) 100vw, 800px\" \/>\t\t\t\t\t\t\t\t\t\t\t\t\t\t\t<\/div>\n\t\t\t\t<\/div>\n\t\t\t\t<\/div>\n\t\t<div class=\"elementor-element elementor-element-75a19c0 e-con-full e-flex e-con e-child\" data-id=\"75a19c0\" data-element_type=\"container\" data-e-type=\"container\">\n\t\t\t\t<div class=\"elementor-element elementor-element-8fcd7f3 elementor-widget elementor-widget-heading\" data-id=\"8fcd7f3\" data-element_type=\"widget\" data-e-type=\"widget\" data-widget_type=\"heading.default\">\n\t\t\t\t<div class=\"elementor-widget-container\">\n\t\t\t\t\t<h2 class=\"elementor-heading-title elementor-size-default\">Victoria \u201dVicki\u201d Sundblom<\/h2>\t\t\t\t<\/div>\n\t\t\t\t<\/div>\n\t\t\t\t<div class=\"elementor-element elementor-element-ccc9d24 elementor-widget elementor-widget-text-editor\" data-id=\"ccc9d24\" data-element_type=\"widget\" data-e-type=\"widget\" data-widget_type=\"text-editor.default\">\n\t\t\t\t<div class=\"elementor-widget-container\">\n\t\t\t\t\t\t\t\t\t<p>Vicki on lisensoitu FISAF \/ EA personal trainer ja urheillut l\u00e4hes koko ik\u00e4ns\u00e4. H\u00e4n taustaltaan jalkapalloilija ja pelannut liigatasolla ja Vicki pit\u00e4\u00e4 hyvin paljon palloilulajeista. H\u00e4n pelaa edelleen jalkapalloa ja my\u00f6s tennist\u00e4 vapaa ajalla. H\u00e4nell\u00e4 on kokonaisvaltainen l\u00e4hestymistapa mit\u00e4 treeneihin tulee ja Vicki harjoittelee mielell\u00e4\u00e4n monipuolisesti sek\u00e4 kuntosalilla ett\u00e4 juoksuradalla. Vicki on my\u00f6s taloustieteilij\u00e4 ja ty\u00f6skentelee osa-aikaisesti vakuutusalalla. Lisensoitu ravintoneuvoja 2019.      <\/p>\n\t\t\t\t\t\t\t\t<\/div>\n\t\t\t\t<\/div>\n\t\t\t\t<div class=\"elementor-element elementor-element-d15fb52 elementor-widget elementor-widget-text-editor\" data-id=\"d15fb52\" data-element_type=\"widget\" data-e-type=\"widget\" data-widget_type=\"text-editor.default\">\n\t\t\t\t<div class=\"elementor-widget-container\">\n\t\t\t\t\t\t\t\t\t<p>Suosikki kuntosalilla: penkkipunnerrus.<\/p>\n\t\t\t\t\t\t\t\t<\/div>\n\t\t\t\t<\/div>\n\t\t\t\t<\/div>\n\t\t\t\t<\/div>\n\t\t<div class=\"elementor-element elementor-element-28a6bc0 e-con-full e-flex e-con e-child\" data-id=\"28a6bc0\" data-element_type=\"container\" data-e-type=\"container\">\n\t\t<div class=\"elementor-element elementor-element-dabd238 e-con-full e-flex e-con e-child\" data-id=\"dabd238\" data-element_type=\"container\" data-e-type=\"container\">\n\t\t\t\t<div class=\"elementor-element elementor-element-94811b2 elementor-widget elementor-widget-image\" data-id=\"94811b2\" data-element_type=\"widget\" data-e-type=\"widget\" data-widget_type=\"image.default\">\n\t\t\t\t<div class=\"elementor-widget-container\">\n\t\t\t\t\t\t\t\t\t\t\t\t\t\t\t<img loading=\"lazy\" decoding=\"async\" width=\"800\" height=\"800\" src=\"https:\/\/www.trainium.fi\/wp-content\/uploads\/2024\/09\/alexandra.jpg\" class=\"attachment-large size-large wp-image-3720\" alt=\"\" srcset=\"https:\/\/www.trainium.fi\/wp-content\/uploads\/2024\/09\/alexandra.jpg 800w, https:\/\/www.trainium.fi\/wp-content\/uploads\/2024\/09\/alexandra-300x300.jpg 300w, https:\/\/www.trainium.fi\/wp-content\/uploads\/2024\/09\/alexandra-150x150.jpg 150w, https:\/\/www.trainium.fi\/wp-content\/uploads\/2024\/09\/alexandra-768x768.jpg 768w\" sizes=\"(max-width: 800px) 100vw, 800px\" \/>\t\t\t\t\t\t\t\t\t\t\t\t\t\t\t<\/div>\n\t\t\t\t<\/div>\n\t\t\t\t<\/div>\n\t\t<div class=\"elementor-element elementor-element-d958dfa e-con-full e-flex e-con e-child\" data-id=\"d958dfa\" data-element_type=\"container\" data-e-type=\"container\">\n\t\t\t\t<div class=\"elementor-element elementor-element-971dfbb elementor-widget elementor-widget-heading\" data-id=\"971dfbb\" data-element_type=\"widget\" data-e-type=\"widget\" data-widget_type=\"heading.default\">\n\t\t\t\t<div class=\"elementor-widget-container\">\n\t\t\t\t\t<h2 class=\"elementor-heading-title elementor-size-default\">Alexandra \u201d\u00c4\u00e4li\u201d Winberg<\/h2>\t\t\t\t<\/div>\n\t\t\t\t<\/div>\n\t\t\t\t<div class=\"elementor-element elementor-element-852bfd0 elementor-widget elementor-widget-text-editor\" data-id=\"852bfd0\" data-element_type=\"widget\" data-e-type=\"widget\" data-widget_type=\"text-editor.default\">\n\t\t\t\t<div class=\"elementor-widget-container\">\n\t\t\t\t\t\t\t\t\t<p>Alexandralla on pitk\u00e4 urheilutausta, l\u00e4hinn\u00e4 jalkapalloilijana, pelannut jalkapalloa naistenliiga-tasolla. Jalkapallon lis\u00e4ksi Alexandra pelaa mielell\u00e4\u00e4n tennist\u00e4, juoksee intervalleja sek\u00e4 harjoittelee toiminnallista voimaharjoittelua kuntosalilla. Himoitsee harjoituksia oman kehon painolla. Alexandra on koulutukseltaan valmis taloustieteilij\u00e4 ja ty\u00f6skentelee controllerina kansainv\u00e4lisess\u00e4 yrityksess\u00e4. Alexandralla on my\u00f6s p\u00e4\u00e4vastuualueena Trainiumin talousasiat.     <\/p>\n\t\t\t\t\t\t\t\t<\/div>\n\t\t\t\t<\/div>\n\t\t\t\t<div class=\"elementor-element elementor-element-93edd50 elementor-widget elementor-widget-text-editor\" data-id=\"93edd50\" data-element_type=\"widget\" data-e-type=\"widget\" data-widget_type=\"text-editor.default\">\n\t\t\t\t<div class=\"elementor-widget-container\">\n\t\t\t\t\t\t\t\t\t<p>Suosikki kuntosalilla: leuanveto.<\/p>\n\t\t\t\t\t\t\t\t<\/div>\n\t\t\t\t<\/div>\n\t\t\t\t<\/div>\n\t\t\t\t<\/div>\n\t\t\t\t\t<\/div>\n\t\t\t\t<\/div>\n\t\t\t\t<\/div>\n\t\t","protected":false},"excerpt":{"rendered":"<p>Tutustu meihin Team Trainium Me, Alex, Josefin, Victoria ja Alexandra seisomme yritys Trainium takana. Meill\u00e4 kaikilla on urheilutausta. Innostuksemme liikuntaan [&hellip;]<\/p>\n","protected":false},"author":1,"featured_media":4011,"parent":0,"menu_order":0,"comment_status":"closed","ping_status":"closed","template":"","meta":{"site-sidebar-layout":"no-sidebar","site-content-layout":"","ast-site-content-layout":"full-width-container","site-content-style":"default","site-sidebar-style":"default","ast-global-header-display":"","ast-banner-title-visibility":"","ast-main-header-display":"","ast-hfb-above-header-display":"","ast-hfb-below-header-display":"","ast-hfb-mobile-header-display":"","site-post-title":"disabled","ast-breadcrumbs-content":"","ast-featured-img":"disabled","footer-sml-layout":"","ast-disable-related-posts":"","theme-transparent-header-meta":"","adv-header-id-meta":"","stick-header-meta":"","header-above-stick-meta":"","header-main-stick-meta":"","header-below-stick-meta":"","astra-migrate-meta-layouts":"default","ast-page-background-enabled":"default","ast-page-background-meta":{"desktop":{"background-color":"var(--ast-global-color-4)","background-image":"","background-repeat":"repeat","background-position":"center center","background-size":"auto","background-attachment":"scroll","background-type":"","background-media":"","overlay-type":"","overlay-color":"","overlay-opacity":"","overlay-gradient":""},"tablet":{"background-color":"","background-image":"","background-repeat":"repeat","background-position":"center center","background-size":"auto","background-attachment":"scroll","background-type":"","background-media":"","overlay-type":"","overlay-color":"","overlay-opacity":"","overlay-gradient":""},"mobile":{"background-color":"","background-image":"","background-repeat":"repeat","background-position":"center center","background-size":"auto","background-attachment":"scroll","background-type":"","background-media":"","overlay-type":"","overlay-color":"","overlay-opacity":"","overlay-gradient":""}},"ast-content-background-meta":{"desktop":{"background-color":"var(--ast-global-color-5)","background-image":"","background-repeat":"repeat","background-position":"center center","background-size":"auto","background-attachment":"scroll","background-type":"","background-media":"","overlay-type":"","overlay-color":"","overlay-opacity":"","overlay-gradient":""},"tablet":{"background-color":"var(--ast-global-color-5)","background-image":"","background-repeat":"repeat","background-position":"center center","background-size":"auto","background-attachment":"scroll","background-type":"","background-media":"","overlay-type":"","overlay-color":"","overlay-opacity":"","overlay-gradient":""},"mobile":{"background-color":"var(--ast-global-color-5)","background-image":"","background-repeat":"repeat","background-position":"center center","background-size":"auto","background-attachment":"scroll","background-type":"","background-media":"","overlay-type":"","overlay-color":"","overlay-opacity":"","overlay-gradient":""}},"footnotes":""},"class_list":["post-3747","page","type-page","status-publish","has-post-thumbnail","hentry"],"publishpress_future_action":{"enabled":false,"date":"2026-04-28 22:13:10","action":"change-status","newStatus":"draft","terms":[],"taxonomy":"translation_priority","extraData":[]},"publishpress_future_workflow_manual_trigger":{"enabledWorkflows":[]},"_links":{"self":[{"href":"https:\/\/www.trainium.fi\/fi\/wp-json\/wp\/v2\/pages\/3747","targetHints":{"allow":["GET"]}}],"collection":[{"href":"https:\/\/www.trainium.fi\/fi\/wp-json\/wp\/v2\/pages"}],"about":[{"href":"https:\/\/www.trainium.fi\/fi\/wp-json\/wp\/v2\/types\/page"}],"author":[{"embeddable":true,"href":"https:\/\/www.trainium.fi\/fi\/wp-json\/wp\/v2\/users\/1"}],"replies":[{"embeddable":true,"href":"https:\/\/www.trainium.fi\/fi\/wp-json\/wp\/v2\/comments?post=3747"}],"version-history":[{"count":4,"href":"https:\/\/www.trainium.fi\/fi\/wp-json\/wp\/v2\/pages\/3747\/revisions"}],"predecessor-version":[{"id":4115,"href":"https:\/\/www.trainium.fi\/fi\/wp-json\/wp\/v2\/pages\/3747\/revisions\/4115"}],"wp:featuredmedia":[{"embeddable":true,"href":"https:\/\/www.trainium.fi\/fi\/wp-json\/wp\/v2\/media\/4011"}],"wp:attachment":[{"href":"https:\/\/www.trainium.fi\/fi\/wp-json\/wp\/v2\/media?parent=3747"}],"curies":[{"name":"wp","href":"https:\/\/api.w.org\/{rel}","templated":true}]}}